{"id":340,"date":"2020-06-21T09:33:41","date_gmt":"2020-06-21T09:33:41","guid":{"rendered":"http:\/\/www.leszczydol.pl\/?page_id=340"},"modified":"2021-01-15T19:53:30","modified_gmt":"2021-01-15T19:53:30","slug":"nasze-projekty","status":"publish","type":"page","link":"https:\/\/www.leszczydol.pl\/index.php\/nasze-projekty\/","title":{"rendered":"PROJEKTY"},"content":{"rendered":"\n<div class=\"wp-block-group\"><div class=\"wp-block-group__inner-container is-layout-flow wp-block-group-is-layout-flow\">\n<h3 class=\"wp-block-heading\">Od 2015 roku nasze Stowarzyszenie realizuje projekty zgodnie ze swoim Statutem. Projekty s\u0105 prowadzone przez cz\u0142onk\u00f3w i uwzgl\u0119dniaj\u0105 aktualne potrzeby mieszka\u0144c\u00f3w naszej miejscowo\u015bci.<\/h3>\n<\/div><\/div>\n\n\n\n<p>Przeprowadzona analiza potrzeb oraz dotychczasowe do\u015bwiadczenia sk\u0142oni\u0142y Zarz\u0105d Stowarzyszenia do tego aby w 2020 roku poszerzy\u0107 specyfik\u0119 i zakres tematyczny dzia\u0142alno\u015bci a tym samym zmieni\u0107 STATUT Stowarzyszenia. Wprowadzone zmiany umo\u017cliwiaj\u0105 podejmowanie inicjatyw w szerszym spektrum dzia\u0142a\u0144. Opr\u00f3cz dzia\u0142alno\u015bci kulturalnej i historycznej  b\u0119dziemy anga\u017cowa\u0107 si\u0119 r\u00f3wnie\u017c w tematy zwi\u0105zane z bezpiecze\u0144stwem, sportem i ekologi\u0105. Ch\u0119tnie podejmujemy r\u00f3wnie\u017c wsp\u00f3\u0142prac\u0119 ze Stowarzyszeniami i instytucjami dzia\u0142aj\u0105cymi w podobnych zakresie tematycznym. <\/p>\n\n\n\n<div class=\"wp-block-group\"><div class=\"wp-block-group__inner-container is-layout-flow wp-block-group-is-layout-flow\">\n<div class=\"wp-block-columns is-layout-flex wp-container-core-columns-is-layout-9d6595d7 wp-block-columns-is-layout-flex\">\n<div class=\"wp-block-column is-layout-flow wp-block-column-is-layout-flow\" style=\"flex-basis:33.34%\"><ul class=\"wp-block-latest-posts__list has-dates alignleft wp-block-latest-posts\"><\/ul><\/div>\n\n\n\n<div class=\"wp-block-column is-layout-flow wp-block-column-is-layout-flow\" style=\"flex-basis:33.34%\"><\/div>\n\n\n\n<div class=\"wp-block-column is-layout-flow wp-block-column-is-layout-flow\" style=\"flex-basis:33.33%\"><\/div>\n<\/div>\n<\/div><\/div>\n\n\n\n<p><\/p>\n","protected":false},"excerpt":{"rendered":"<p>Od 2015 roku nasze Stowarzyszenie realizuje projekty zgodnie ze swoim Statutem. Projekty s\u0105 prowadzone przez cz\u0142onk\u00f3w i uwzgl\u0119dniaj\u0105 aktualne potrzeby mieszka\u0144c\u00f3w naszej miejscowo\u015bci. Przeprowadzona analiza potrzeb oraz dotychczasowe do\u015bwiadczenia sk\u0142oni\u0142y Zarz\u0105d Stowarzyszenia do tego aby w 2020 roku poszerzy\u0107 specyfik\u0119 &hellip; <a href=\"https:\/\/www.leszczydol.pl\/index.php\/nasze-projekty\/\">Czytaj dalej <span class=\"meta-nav\">&rarr;<\/span><\/a><\/p>\n","protected":false},"author":1,"featured_media":97,"parent":0,"menu_order":1,"comment_status":"closed","ping_status":"closed","template":"onecolumn-page.php","meta":{"om_disable_all_campaigns":false,"_mi_skip_tracking":false,"_monsterinsights_sitenote_active":false,"_monsterinsights_sitenote_note":"","_monsterinsights_sitenote_category":0,"footnotes":""},"class_list":["post-340","page","type-page","status-publish","has-post-thumbnail","hentry"],"_links":{"self":[{"href":"https:\/\/www.leszczydol.pl\/index.php\/wp-json\/wp\/v2\/pages\/340","targetHints":{"allow":["GET"]}}],"collection":[{"href":"https:\/\/www.leszczydol.pl\/index.php\/wp-json\/wp\/v2\/pages"}],"about":[{"href":"https:\/\/www.leszczydol.pl\/index.php\/wp-json\/wp\/v2\/types\/page"}],"author":[{"embeddable":true,"href":"https:\/\/www.leszczydol.pl\/index.php\/wp-json\/wp\/v2\/users\/1"}],"replies":[{"embeddable":true,"href":"https:\/\/www.leszczydol.pl\/index.php\/wp-json\/wp\/v2\/comments?post=340"}],"version-history":[{"count":23,"href":"https:\/\/www.leszczydol.pl\/index.php\/wp-json\/wp\/v2\/pages\/340\/revisions"}],"predecessor-version":[{"id":1348,"href":"https:\/\/www.leszczydol.pl\/index.php\/wp-json\/wp\/v2\/pages\/340\/revisions\/1348"}],"wp:featuredmedia":[{"embeddable":true,"href":"https:\/\/www.leszczydol.pl\/index.php\/wp-json\/wp\/v2\/media\/97"}],"wp:attachment":[{"href":"https:\/\/www.leszczydol.pl\/index.php\/wp-json\/wp\/v2\/media?parent=340"}],"curies":[{"name":"wp","href":"https:\/\/api.w.org\/{rel}","templated":true}]}}